{"id":930,"date":"2022-04-28T12:02:06","date_gmt":"2022-04-28T10:02:06","guid":{"rendered":"https:\/\/xn--maisonmre-63a.com\/?page_id=930"},"modified":"2022-06-13T15:55:55","modified_gmt":"2022-06-13T13:55:55","slug":"deco-evenement","status":"publish","type":"page","link":"https:\/\/xn--maisonmre-63a.com\/index.php\/deco-evenement\/","title":{"rendered":"Deco Evenement"},"content":{"rendered":"<div class=\"wpb-content-wrapper\"><p>[vc_row fullwidth=&#8221;yes&#8221;][vc_column]\n\t\t\t<!-- START Deco Event REVOLUTION SLIDER 6.5.16 --><p class=\"rs-p-wp-fix\"><\/p>\n\t\t\t<rs-module-wrap id=\"rev_slider_2_1_wrapper\" data-source=\"gallery\" style=\"visibility:hidden;background:transparent;padding:0;\">\n\t\t\t\t<rs-module id=\"rev_slider_2_1\" style=\"\" data-version=\"6.5.16\">\n\t\t\t\t\t<rs-slides>\n\t\t\t\t\t\t<rs-slide style=\"position: absolute;\" data-key=\"rs-3\" data-title=\"Slide\" data-duration=\"5000\" data-anim=\"ms:800;\" data-in=\"o:1;x:-100%;\" data-out=\"x:60%;\">\n\t\t\t\t\t\t\t<img loading=\"lazy\" decoding=\"async\" src=\"\/\/xn--maisonmre-63a.com\/wp-content\/plugins\/revslider\/public\/assets\/assets\/dummy.png\" alt=\"\" title=\"deco event\" width=\"5958\" height=\"3977\" class=\"rev-slidebg tp-rs-img rs-lazyload\" data-lazyload=\"\/\/xn--maisonmre-63a.com\/wp-content\/uploads\/2022\/04\/deco-event.png\" data-bg=\"p:center bottom;\" data-no-retina>\n<!--\n\t\t\t\t\t\t\t--><rs-layer\n\t\t\t\t\t\t\t\tid=\"slider-2-slide-3-layer-2\" \n\t\t\t\t\t\t\t\tdata-type=\"text\"\n\t\t\t\t\t\t\t\tdata-rsp_ch=\"on\"\n\t\t\t\t\t\t\t\tdata-xy=\"x:l,c,c,c;y:m;\"\n\t\t\t\t\t\t\t\tdata-text=\"s:72,65,50,40;l:80;ls:10px,8px,8px,5px;fw:300;\"\n\t\t\t\t\t\t\t\tdata-frame_0=\"y:50px;\"\n\t\t\t\t\t\t\t\tdata-frame_1=\"e:expo.inOut;st:500;sp:800;sR:500;\"\n\t\t\t\t\t\t\t\tdata-frame_999=\"y:50px;o:0;e:nothing;st:w;sp:400;sR:3700;\"\n\t\t\t\t\t\t\t\tstyle=\"z-index:10;font-family:'Dosis';text-transform:uppercase;\"\n\t\t\t\t\t\t\t>D\u00e9coration<br>\nEv\u00e8nementielle \n\t\t\t\t\t\t\t<\/rs-layer><!--\n\n\t\t\t\t\t\t\t--><rs-layer\n\t\t\t\t\t\t\t\tid=\"slider-2-slide-3-layer-7\" \n\t\t\t\t\t\t\t\tdata-type=\"text\"\n\t\t\t\t\t\t\t\tdata-color=\"#fff\"\n\t\t\t\t\t\t\t\tdata-rsp_ch=\"on\"\n\t\t\t\t\t\t\t\tdata-xy=\"xo:1px,0,0,0;yo:354px,309px,234px,144px;\"\n\t\t\t\t\t\t\t\tdata-text=\"w:normal;s:18,15,11,6;l:23,20,15,9;fw:500;\"\n\t\t\t\t\t\t\t\tdata-dim=\"w:768.3900000000001px,672px,510px,314px;minh:0px,none,none,none;\"\n\t\t\t\t\t\t\t\tdata-vbility=\"t,t,t,f\"\n\t\t\t\t\t\t\t\tdata-frame_0=\"y:50,43,32,19;\"\n\t\t\t\t\t\t\t\tdata-frame_1=\"e:expo.inOut;st:600;sp:800;\"\n\t\t\t\t\t\t\t\tdata-frame_999=\"y:50,43,32,19;o:0;e:expo.inOut;st:w;sp:450;\"\n\t\t\t\t\t\t\t\tstyle=\"z-index:9;font-family:'Raleway';\"\n\t\t\t\t\t\t\t>Parce que la d\u00e9coration compte aussi dans les \u00e9v\u00e8nements marquants de votre vie, je suis l\u00e0 pour vous aider \u00e0 cr\u00e9er l\u2019ambiance de vos r\u00eaves le jour J ! Un mariage, un anniversaire, une f\u00eate de famille ou un s\u00e9minaire, vous trouvez le th\u00e8me qui vous plait et je transforme avec vous votre lieu de r\u00e9ception. Avec un peu d\u2019imagination, tout est possible ! \n\t\t\t\t\t\t\t<\/rs-layer><!--\n-->\t\t\t\t\t\t<\/rs-slide>\n\t\t\t\t\t<\/rs-slides>\n\t\t\t\t<\/rs-module>\n\t\t\t\t<script>\n\t\t\t\t\tsetREVStartSize({c: 'rev_slider_2_1',rl:[1240,1024,778,480],el:[500,768,960,720],gw:[1170,1024,778,480],gh:[500,768,960,720],type:'standard',justify:'',layout:'fullscreen',offsetContainer:'',offset:'',mh:\"0\"});if (window.RS_MODULES!==undefined && window.RS_MODULES.modules!==undefined && window.RS_MODULES.modules[\"revslider21\"]!==undefined) {window.RS_MODULES.modules[\"revslider21\"].once = false;window.revapi2 = undefined;if (window.RS_MODULES.checkMinimal!==undefined) window.RS_MODULES.checkMinimal()}\n\t\t\t\t<\/script>\n\t\t\t<\/rs-module-wrap>\n\t\t\t<!-- END REVOLUTION SLIDER -->\n[vc_empty_space height=&#8221;76px&#8221;][\/vc_column][\/vc_row][vc_row][vc_column]\t<!-- Element: OT Quick Office -->\n\t<div class=\"side-bg\">\n\n\t\t<div class=\"image-container hidden-xs pull-right right0 col-md-7 col-md-offset-5\" style=\"background-image:url(https:\/\/xn--maisonmre-63a.com\/wp-content\/uploads\/2022\/05\/Deco_Event_1.png); ?>\" data-delay=\"0\"><\/div>\n\n\t\t<!-- Added this code in 26\/03\/2019 -->\n\t\t<img decoding=\"async\" class=\"visible-xs img-responsive\" src=\"https:\/\/xn--maisonmre-63a.com\/wp-content\/uploads\/2022\/05\/Deco_Event_1.png\" \/>\n\n        <div class=\"container\">\n            <div class=\"row\">\n                <div class=\"inner-padding\">\n                    <div class=\"col-md-4 wow fadeInLeft\" data-wow-delay=\".2s\">\n                        <h2>Formule \u00ab Conseils \u00bb<\/h2><br\/>\n                        <\/p>\n<ul>\n<li aria-level=\"1\">Apr\u00e8s un premier rendez- vous, vous recevez\u00a0:<\/li>\n<li aria-level=\"1\"><b>Un book \u00e9v\u00e9nement<\/b>\u00a0avec des id\u00e9es pour accompagner votre projet (faire- parts, invitations, menus, plans de tables, cadeaux invit\u00e9s, d\u00e9coration florale\u2026) et\u00a0<b>une planche d\u2019inspiration<\/b><\/li>\n<\/ul>\n<p>&nbsp;<\/p>\n<h4><strong><i>Tarifs :\u00a0<\/i><i>590\u20ac TTC<\/i><\/strong><\/h4>\n<p>                    <\/div>\n                    <div class=\"clearfix\"><\/div>\n                <\/div>\n            <\/div>\n        <\/div>\n\t<\/div>\n\n[\/vc_column][\/vc_row][vc_row css=&#8221;.vc_custom_1651579095532{background-color: #fcfcfc !important;}&#8221;][vc_column]\t<!-- Element: OT Quick Office -->\n\t<div class=\"side-bg\">\n\n\t\t<div class=\"image-container hidden-xs pull-left col-md-6\" style=\"background-image:url(https:\/\/xn--maisonmre-63a.com\/wp-content\/uploads\/2022\/05\/Deco_Event_2.png); ?>\" data-delay=\"0\"><\/div>\n\n\t\t<!-- Added this code in 26\/03\/2019 -->\n\t\t<img decoding=\"async\" class=\"visible-xs img-responsive\" src=\"https:\/\/xn--maisonmre-63a.com\/wp-content\/uploads\/2022\/05\/Deco_Event_2.png\" \/>\n\n        <div class=\"container\">\n            <div class=\"row\">\n                <div class=\"inner-padding\">\n                    <div class=\"col-md-5 col-md-offset-7 wow fadeInRight\" data-wow-delay=\".2s\">\n                        <h2>Formule \u00ab Sur- Mesure \u00bb<\/h2><br\/>\n                        \u2022 Apr\u00e8s un premier rendez- vous, vous recevez :<br \/>\n\u2022 Un book \u00e9v\u00e9nement avec des id\u00e9es pour accompagner votre projet (faire- parts, invitations, menus, plans de tables, cadeaux invit\u00e9s, d\u00e9coration florale\u2026) et une planche d\u2019inspiration<br \/>\n+ Sc\u00e9nographie des diff\u00e9rents espaces (cocktail, salles de r\u00e9ception, jardins, tables, bars \u00e0 th\u00e8me, espaces d\u2019animation)<\/p>\n<p>+ Coordination entre les diff\u00e9rents prestataires (cuisiniers, fleuristes, loueurs de mobiliers, animateurs\u2026)<\/p>\n<p>+ La recherche et la r\u00e9alisation des \u00e9l\u00e9ments de d\u00e9coration *<\/p>\n<p>+ Un RDV de finalisation et de validation de votre projet<\/p>\n<p>+ Installation de votre d\u00e9coration la veille de l\u2019\u00e9v\u00e9nement et r\u00e9cup\u00e9ration des \u00e9l\u00e9ments de d\u00e9coration apr\u00e8s \u00e9v\u00e9nement.<\/p>\n<p>* Le tarif des \u00e9l\u00e9ments constituant la d\u00e9coration n\u2019est pas inclus.<\/p>\n<h4><em><strong>Tarifs sur devis<\/strong><\/em><\/h4>\n<p>                    <\/div>\n                    <div class=\"clearfix\"><\/div>\n                <\/div>\n            <\/div>\n        <\/div>\n\t<\/div>\n\n[\/vc_column][\/vc_row]<\/p>\n<\/div>","protected":false},"excerpt":{"rendered":"<p>[vc_row fullwidth=&#8221;yes&#8221;][vc_column][vc_empty_space height=&#8221;76px&#8221;][\/vc_column][\/vc_row][vc_row][vc_column][\/vc_column][\/vc_row][vc_row css=&#8221;.vc_custom_1651579095532{background-color: #fcfcfc !important;}&#8221;][vc_column][\/vc_column][\/vc_row]<\/p>\n","protected":false},"author":1,"featured_media":0,"parent":0,"menu_order":0,"comment_status":"closed","ping_status":"closed","template":"page-templates\/template-canvas.php","meta":{"footnotes":""},"class_list":["post-930","page","type-page","status-publish","hentry"],"_links":{"self":[{"href":"https:\/\/xn--maisonmre-63a.com\/index.php\/wp-json\/wp\/v2\/pages\/930","targetHints":{"allow":["GET"]}}],"collection":[{"href":"https:\/\/xn--maisonmre-63a.com\/index.php\/wp-json\/wp\/v2\/pages"}],"about":[{"href":"https:\/\/xn--maisonmre-63a.com\/index.php\/wp-json\/wp\/v2\/types\/page"}],"author":[{"embeddable":true,"href":"https:\/\/xn--maisonmre-63a.com\/index.php\/wp-json\/wp\/v2\/users\/1"}],"replies":[{"embeddable":true,"href":"https:\/\/xn--maisonmre-63a.com\/index.php\/wp-json\/wp\/v2\/comments?post=930"}],"version-history":[{"count":88,"href":"https:\/\/xn--maisonmre-63a.com\/index.php\/wp-json\/wp\/v2\/pages\/930\/revisions"}],"predecessor-version":[{"id":1265,"href":"https:\/\/xn--maisonmre-63a.com\/index.php\/wp-json\/wp\/v2\/pages\/930\/revisions\/1265"}],"wp:attachment":[{"href":"https:\/\/xn--maisonmre-63a.com\/index.php\/wp-json\/wp\/v2\/media?parent=930"}],"curies":[{"name":"wp","href":"https:\/\/api.w.org\/{rel}","templated":true}]}}