{"id":870,"date":"2022-02-18T17:01:49","date_gmt":"2022-02-18T16:01:49","guid":{"rendered":"https:\/\/xn--maisonmre-63a.com\/?page_id=870"},"modified":"2022-06-13T15:55:27","modified_gmt":"2022-06-13T13:55:27","slug":"deco-interieure","status":"publish","type":"page","link":"https:\/\/xn--maisonmre-63a.com\/index.php\/deco-interieure\/","title":{"rendered":"Deco Interieure"},"content":{"rendered":"<div class=\"wpb-content-wrapper\"><p>[vc_row][vc_column]\n\t\t\t<!-- START Deco Interieur REVOLUTION SLIDER 6.5.16 --><p class=\"rs-p-wp-fix\"><\/p>\n\t\t\t<rs-module-wrap id=\"rev_slider_3_1_wrapper\" data-source=\"gallery\" style=\"visibility:hidden;background:transparent;padding:0;\">\n\t\t\t\t<rs-module id=\"rev_slider_3_1\" style=\"\" data-version=\"6.5.16\">\n\t\t\t\t\t<rs-slides>\n\t\t\t\t\t\t<rs-slide style=\"position: absolute;\" data-key=\"rs-4\" data-title=\"Slide\" data-duration=\"5000\" data-anim=\"ms:800;\" data-in=\"o:1;x:-100%;\" data-out=\"x:60%;\" data-mediafilter=\"gingham\">\n\t\t\t\t\t\t\t<img loading=\"lazy\" decoding=\"async\" src=\"\/\/xn--maisonmre-63a.com\/wp-content\/plugins\/revslider\/public\/assets\/assets\/dummy.png\" alt=\"\" title=\"Bd Cotte-2-V2\" width=\"5958\" height=\"3977\" class=\"rev-slidebg tp-rs-img rs-lazyload\" data-lazyload=\"\/\/xn--maisonmre-63a.com\/wp-content\/uploads\/2022\/04\/Bd-Cotte-2-V2.png\" data-no-retina>\n<!--\n\t\t\t\t\t\t\t--><rs-layer\n\t\t\t\t\t\t\t\tid=\"slider-3-slide-4-layer-2\" \n\t\t\t\t\t\t\t\tdata-type=\"text\"\n\t\t\t\t\t\t\t\tdata-color=\"rgba(255, 255, 255, 1)\"\n\t\t\t\t\t\t\t\tdata-rsp_ch=\"on\"\n\t\t\t\t\t\t\t\tdata-xy=\"x:l,c,c,c;y:m;\"\n\t\t\t\t\t\t\t\tdata-text=\"s:72,65,50,40;l:80;ls:10px,8px,8px,5px;fw:300;\"\n\t\t\t\t\t\t\t\tdata-frame_0=\"y:50px;\"\n\t\t\t\t\t\t\t\tdata-frame_1=\"e:expo.inOut;st:500;sp:800;sR:500;\"\n\t\t\t\t\t\t\t\tdata-frame_999=\"y:50px;o:0;e:nothing;st:w;sp:400;sR:3700;\"\n\t\t\t\t\t\t\t\tstyle=\"z-index:10;font-family:'Dosis';text-transform:uppercase;\"\n\t\t\t\t\t\t\t>D\u00e9coration<br>\nInt\u00e9rieurE \n\t\t\t\t\t\t\t<\/rs-layer><!--\n\n\t\t\t\t\t\t\t--><rs-layer\n\t\t\t\t\t\t\t\tid=\"slider-3-slide-4-layer-7\" \n\t\t\t\t\t\t\t\tdata-type=\"text\"\n\t\t\t\t\t\t\t\tdata-color=\"#fff\"\n\t\t\t\t\t\t\t\tdata-rsp_ch=\"on\"\n\t\t\t\t\t\t\t\tdata-xy=\"xo:1px,0,0,0;yo:354px,309px,234px,144px;\"\n\t\t\t\t\t\t\t\tdata-text=\"w:normal;s:18,15,11,6;l:23,20,15,9;fw:500;\"\n\t\t\t\t\t\t\t\tdata-dim=\"w:768.3900000000001px,672px,510px,314px;minh:0px,none,none,none;\"\n\t\t\t\t\t\t\t\tdata-vbility=\"t,t,t,f\"\n\t\t\t\t\t\t\t\tdata-frame_0=\"y:50,43,32,19;\"\n\t\t\t\t\t\t\t\tdata-frame_1=\"e:expo.inOut;st:600;sp:800;\"\n\t\t\t\t\t\t\t\tdata-frame_999=\"y:50,43,32,19;o:0;e:expo.inOut;st:w;sp:450;\"\n\t\t\t\t\t\t\t\tstyle=\"z-index:9;font-family:'Raleway';\"\n\t\t\t\t\t\t\t>Chaque int\u00e9rieur a son Histoire et votre d\u00e9coration la raconte ! Il suffit parfois de quelques d\u00e9tails pour tout changer. Choisissez votre formule. Un simple coaching, ou une r\u00e9novation totale, c\u2019est vous qui d\u00e9cidez en fonction de vos besoins et de votre budget ! \n\t\t\t\t\t\t\t<\/rs-layer><!--\n-->\t\t\t\t\t\t<\/rs-slide>\n\t\t\t\t\t<\/rs-slides>\n\t\t\t\t<\/rs-module>\n\t\t\t\t<script>\n\t\t\t\t\tsetREVStartSize({c: 'rev_slider_3_1',rl:[1240,1024,778,480],el:[500,768,960,720],gw:[1170,1024,778,480],gh:[500,768,960,720],type:'standard',justify:'',layout:'fullscreen',offsetContainer:'',offset:'',mh:\"0\"});if (window.RS_MODULES!==undefined && window.RS_MODULES.modules!==undefined && window.RS_MODULES.modules[\"revslider31\"]!==undefined) {window.RS_MODULES.modules[\"revslider31\"].once = false;window.revapi3 = undefined;if (window.RS_MODULES.checkMinimal!==undefined) window.RS_MODULES.checkMinimal()}\n\t\t\t\t<\/script>\n\t\t\t<\/rs-module-wrap>\n\t\t\t<!-- END REVOLUTION SLIDER -->\n[\/vc_column][\/vc_row][vc_row fullwidth=&#8221;yes&#8221; css=&#8221;.vc_custom_1651078514481{margin-top: 70px !important;background-position: 0 0 !important;background-repeat: no-repeat !important;}&#8221; el_class=&#8221;side-bg no-padding&#8221;][vc_column]\t<!-- Element: OT Quick Office -->\n\t<div class=\"side-bg\">\n\n\t\t<div class=\"image-container hidden-xs pull-left col-md-4\" style=\"background-image:url(https:\/\/xn--maisonmre-63a.com\/wp-content\/uploads\/2022\/05\/Deco_Interieur_1.png); ?>\" data-delay=\"0\"><\/div>\n\n\t\t<!-- Added this code in 26\/03\/2019 -->\n\t\t<img decoding=\"async\" class=\"visible-xs img-responsive\" src=\"https:\/\/xn--maisonmre-63a.com\/wp-content\/uploads\/2022\/05\/Deco_Interieur_1.png\" \/>\n\n        <div class=\"container\">\n            <div class=\"row\">\n                <div class=\"inner-padding\">\n                    <div class=\"col-md-8 col-md-offset-4 wow fadeInRight\" data-wow-delay=\".2s\">\n                        <h2>Coaching D\u00e9co<\/h2><br\/>\n                        <span style=\"font-weight: 400;\">Vous avez des envies mais vous avez du mal \u00e0 vous lancer, et vous \u00eates perdus parmi toutes les offres qui vous entourent\u00a0! Je vous aide \u00e0 faire les bons choix\u00a0! Ensemble, nous d\u00e9finissons vos besoins, vos go\u00fbts et nous d\u00e9terminons les actions \u00e0 mettre en place\u00a0: nouvelles mati\u00e8res, d\u00e9placement ou remplacement de mobilier, choix de couleurs, de peintures, de luminaires\u2026<\/span><\/p>\n<p><span style=\"font-weight: 400;\">Vous choisissez la formule\u00a0: <\/span><b>\u00e0 distance<\/b><span style=\"font-weight: 400;\"> ou <\/span><b>\u00e0 domicile<\/b><span style=\"font-weight: 400;\">, nous fixons un rendez- vous <\/span><b>d\u20191H30<\/b><span style=\"font-weight: 400;\">, et nous faisons le tour de vos questions.<\/span><b><\/b><\/p>\n<ul>\n<li aria-level=\"1\"><span style=\"font-weight: 400;\">\u00c0 la suite de l\u2019entretien, vous recevez <\/span><b>une planche-conseils<\/b><span style=\"font-weight: 400;\"> r\u00e9capitulative des objectifs fix\u00e9s.<\/span><\/li>\n<\/ul>\n<p><span style=\"font-weight: 400;\">Vous serez alors libre de r\u00e9aliser vos am\u00e9nagements par vous- m\u00eame ou de vous faire accompagner par l\u2019agence si vous le souhaitez.<\/span><\/p>\n<p>&nbsp;<\/p>\n<h4><strong><i>TARIFS : <strong>290\u20ac TTC \u00e0 domicile, 250\u20ac TTC \u00e0 distance <\/strong><span style=\"font-weight: 400;\">(d\u00e9ductible de la prestation compl\u00e8te)<\/span><\/i><\/strong><\/h4>\n<p>                    <\/div>\n                    <div class=\"clearfix\"><\/div>\n                <\/div>\n            <\/div>\n        <\/div>\n\t<\/div>\n\n[\/vc_column][\/vc_row][vc_row fullwidth=&#8221;yes&#8221; css=&#8221;.vc_custom_1651579042724{margin-top: 70px !important;background-color: #fcfcfc !important;background-position: 0 0 !important;background-repeat: no-repeat !important;}&#8221; el_class=&#8221;side-bg no-padding&#8221;][vc_column]\t<!-- Element: OT Quick Office -->\n\t<div class=\"side-bg\">\n\n\t\t<div class=\"image-container hidden-xs pull-right right0 col-md-5 col-md-offset-7\" style=\"background-image:url(https:\/\/xn--maisonmre-63a.com\/wp-content\/uploads\/2022\/05\/Deco_Interieur_2.png); ?>\" data-delay=\"0\"><\/div>\n\n\t\t<!-- Added this code in 26\/03\/2019 -->\n\t\t<img decoding=\"async\" class=\"visible-xs img-responsive\" src=\"https:\/\/xn--maisonmre-63a.com\/wp-content\/uploads\/2022\/05\/Deco_Interieur_2.png\" \/>\n\n        <div class=\"container\">\n            <div class=\"row\">\n                <div class=\"inner-padding\">\n                    <div class=\"col-md-6 wow fadeInLeft\" data-wow-delay=\".2s\">\n                        <h2>\u00c9tude de projet<\/h2><br\/>\n                        <span style=\"font-weight: 400;\">Vous souhaitez vous faire aider d\u2019un professionnel de la d\u00e9coration pour un nouveau projet\u00a0? Qu\u2019il s\u2019agisse de cr\u00e9er un nouvel espace de vie, harmoniser un environnement, cr\u00e9er une nouvelle ambiance, je suis l\u00e0 pour trouver les meilleures solutions pour vous : d\u00e9placement de cloisons, redistribution des espaces, choix des mat\u00e9riaux, des mati\u00e8res, des couleurs, ameublement et agencement des pi\u00e8ces. Je suis \u00e0 l\u2019\u00e9coute de vos envies, vos besoins, nous d\u00e9finissons ensemble le style que vous souhaitez.<\/span><\/p>\n<ul>\n<li style=\"font-weight: 400;\" aria-level=\"1\"><span style=\"font-weight: 400;\">Apr\u00e8s un rendez- vous sur les lieux du projet, vous recevez\u00a0:<\/span><\/li>\n<li style=\"font-weight: 400;\" aria-level=\"1\"><span style=\"font-weight: 400;\">Un m\u00e9trage pr\u00e9cis des pi\u00e8ces \u00e0 travailler<\/span><\/li>\n<li style=\"font-weight: 400;\" aria-level=\"1\"><span style=\"font-weight: 400;\">Un Book D\u00e9co comprenant\u00a0: <\/span><b>une<\/b> <b>planche Inspirations<\/b><span style=\"font-weight: 400;\">,<\/span> <b>une shopping list<\/b><span style=\"font-weight: 400;\"> et <\/span><b>un croquis 2D<\/b><span style=\"font-weight: 400;\">.<\/span><\/li>\n<\/ul>\n<h4>Si vous le souhaitez, je g\u00e8re votre budget, votre shopping et assure la mise en place finale du projet.<\/h4>\n<p>&nbsp;<\/p>\n<h4><strong><i>Tarifs :\u00a0<\/i><i>A partir de 490\u20acTTC par pi\u00e8ce <span style=\"font-weight: 400;\">(<\/span><span style=\"font-weight: 400;\">d\u00e9ductible de la prestation compl\u00e8te)<\/span><\/i><\/strong><\/h4>\n<p><strong><i>Forfaitaire \u00e0 partir de plusieurs pi\u00e8ces<\/i><\/strong>                    <\/div>\n                    <div class=\"clearfix\"><\/div>\n                <\/div>\n            <\/div>\n        <\/div>\n\t<\/div>\n\n[\/vc_column][\/vc_row][vc_row fullwidth=&#8221;yes&#8221; css=&#8221;.vc_custom_1651078514481{margin-top: 70px !important;background-position: 0 0 !important;background-repeat: no-repeat !important;}&#8221; el_class=&#8221;side-bg no-padding&#8221;][vc_column]\t<!-- Element: OT Quick Office -->\n\t<div class=\"side-bg\">\n\n\t\t<div class=\"image-container hidden-xs pull-left col-md-5\" style=\"background-image:url(https:\/\/xn--maisonmre-63a.com\/wp-content\/uploads\/2022\/05\/Deco_Interieur_3.png); ?>\" data-delay=\"0\"><\/div>\n\n\t\t<!-- Added this code in 26\/03\/2019 -->\n\t\t<img decoding=\"async\" class=\"visible-xs img-responsive\" src=\"https:\/\/xn--maisonmre-63a.com\/wp-content\/uploads\/2022\/05\/Deco_Interieur_3.png\" \/>\n\n        <div class=\"container\">\n            <div class=\"row\">\n                <div class=\"inner-padding\">\n                    <div class=\"col-md-6 col-md-offset-6 wow fadeInRight\" data-wow-delay=\".2s\">\n                        <h2>Prestation compl\u00e8te<\/h2><br\/>\n                        <span style=\"font-weight: 400;\">Maison-M\u00e8re vous accompagne \u00e9galement dans la gestion de votre chantier de A \u00e0 Z.<\/span><\/p>\n<p><span style=\"font-weight: 400;\">Si vous avez \u00e0 c\u0153ur de vous lancer dans le projet d\u2019une vie en retapant une vieille b\u00e2tisse ou en r\u00e9novant un appartement, je suis \u00e0 vos c\u00f4t\u00e9s pour vous alerter sur les erreurs \u00e0 ne pas faire et vous \u00e9clairer sur le processus \u00e0 suivre.<\/span><\/p>\n<p><span style=\"font-weight: 400;\">En plus de mes conseils en am\u00e9nagement et d\u00e9coration, je g\u00e8re pour vous l\u2019avancement de votre chantier, je veille aux r\u00e9ajustements li\u00e9s \u00e0 son \u00e9volution, et au respect des d\u00e9lais.<\/span><\/p>\n<p><span style=\"font-weight: 400;\">Enfin, je fais le lien entre vous et les \u00e9quipes d\u2019intervention.\u00a0<\/span><\/p>\n<ul>\n<li style=\"font-weight: 400;\" aria-level=\"1\"><span style=\"font-weight: 400;\">Le suivi de chantier comprend\u00a0:\u00a0<\/span><\/li>\n<\/ul>\n<ul>\n<li style=\"font-weight: 400;\" aria-level=\"1\"><span style=\"font-weight: 400;\">La <\/span><b>cr\u00e9ation du cahier des charges<\/b><span style=\"font-weight: 400;\"> prestataires<\/span><\/li>\n<li style=\"font-weight: 400;\" aria-level=\"1\"><span style=\"font-weight: 400;\">Une aide aux <\/span><b>choix des prestataires<\/b><span style=\"font-weight: 400;\"> si besoin<\/span><\/li>\n<li style=\"font-weight: 400;\" aria-level=\"1\"><span style=\"font-weight: 400;\">Le <\/span><b>suivi de chantier<\/b><span style=\"font-weight: 400;\"> du premier au dernier jour avec r\u00e9ajustements r\u00e9guliers<\/span><\/li>\n<li style=\"font-weight: 400;\" aria-level=\"1\"><span style=\"font-weight: 400;\">Des <\/span><b>r\u00e9unions hebdomadaires<\/b><span style=\"font-weight: 400;\"> si vous en avez le temps et l\u2019envie\u00a0!<\/span><\/li>\n<\/ul>\n<p><span style=\"font-weight: 400;\">Un <\/span><b>compte- rendu<\/b><span style=\"font-weight: 400;\"> r\u00e9gulier du suivi de chantier<\/span><\/p>\n<p>&nbsp;<\/p>\n<h4><strong><i>Tarifs :\u00a0<\/i><i>sur devis<\/i><\/strong><\/h4>\n<p><strong><i>(comptez entre 7% et 12% du montant global des travaux- tarif d\u00e9gressif \u00e0 partir de 200000\u20ac de travaux)<\/i><\/strong>                    <\/div>\n                    <div class=\"clearfix\"><\/div>\n                <\/div>\n            <\/div>\n        <\/div>\n\t<\/div>\n\n[\/vc_column][\/vc_row][vc_row fullwidth=&#8221;yes&#8221; css=&#8221;.vc_custom_1651169074801{margin-top: 70px !important;background-color: #fcfcfc !important;background-position: 0 0 !important;background-repeat: no-repeat !important;}&#8221; el_class=&#8221;side-bg no-padding&#8221;][vc_column]\t<!-- Element: OT Quick Office 2 -->\n\t<div class=\"side-bg\">\n\t\t<div class=\"image-container pull-right right0 col-md-6 col-md-offset-6\" data-delay=\"0\">\n\t        <img decoding=\"async\" src=\"https:\/\/xn--maisonmre-63a.com\/wp-content\/uploads\/2022\/05\/earth-s-tones-home-interior-2021-08-26-15-43-41-utc.png\" class=\"img-responsive wow slideInRight\" data-wow-duration=\"1.5s\">\n\t    <\/div>\n\n\t    <div class=\"container\">\n\t        <div class=\"row\">\n\t            <div class=\"inner-padding\">\n\t                <div class=\"col-md-5 wow fadeInLeft\" data-wow-delay=\".25s\">\n\t                    <h2>Home Staging Professionnel - Simplifiez vos ventes !<\/h2>\n\t                    <\/p>\n<h4><strong>Professionnels de l\u2019Immobilier, pensez au Home Staging !<\/strong><\/h4>\n<p>Il permet de valoriser un int\u00e9rieur pour d\u00e9clencher un coup de c\u0153ur chez un futur acqu\u00e9reur.\u00a0 C\u2019est l\u2019occasion d\u2019optimiser vos ventes\u00a0!<\/p>\n<p>Pour cela, je vous aide \u00e0 trouver des solutions rapides et peu co\u00fbteuses pour valoriser un int\u00e9rieur : rafraichir une cuisine, une salle d\u2019eau, uniformiser des sols, redonner du volume, ou encore cr\u00e9er des espaces de vie d\u00e9termin\u00e9s. Des d\u00e9tails qui permettront de rassurer des potentiels acheteurs et de d\u00e9clencher une vente !<\/p>\n<p>&nbsp;<\/p>\n<h4><strong><i>Tarif\u00a0: Comptez environ 2% du prix de vente<\/i><\/strong><\/h4>\n<p>\t                <\/div>\n\t                <div class=\"clearfix\"><\/div>\n\t            <\/div>\n\t        <\/div>\n\t    <\/div>\t\n\t<\/div>\n\t\n[\/vc_column][\/vc_row]<\/p>\n<\/div>","protected":false},"excerpt":{"rendered":"<p>[vc_row][vc_column][\/vc_column][\/vc_row][vc_row fullwidth=&#8221;yes&#8221; css=&#8221;.vc_custom_1651078514481{margin-top: 70px !important;background-position: 0 0 !important;background-repeat: no-repeat !important;}&#8221; el_class=&#8221;side-bg no-padding&#8221;][vc_column][\/vc_column][\/vc_row][vc_row fullwidth=&#8221;yes&#8221; css=&#8221;.vc_custom_1651579042724{margin-top: 70px !important;background-color: #fcfcfc !important;background-position: 0 0 !important;background-repeat: no-repeat !important;}&#8221; el_class=&#8221;side-bg no-padding&#8221;][vc_column][\/vc_column][\/vc_row][vc_row fullwidth=&#8221;yes&#8221; css=&#8221;.vc_custom_1651078514481{margin-top: 70px !important;background-position: 0 0 !important;background-repeat: no-repeat !important;}&#8221; el_class=&#8221;side-bg no-padding&#8221;][vc_column][\/vc_column][\/vc_row][vc_row fullwidth=&#8221;yes&#8221; css=&#8221;.vc_custom_1651169074801{margin-top: 70px !important;background-color: #fcfcfc !important;background-position: 0 0 !important;background-repeat: no-repeat !important;}&#8221; el_class=&#8221;side-bg no-padding&#8221;][vc_column][\/vc_column][\/vc_row]<\/p>\n","protected":false},"author":1,"featured_media":0,"parent":0,"menu_order":0,"comment_status":"closed","ping_status":"closed","template":"page-templates\/template-canvas.php","meta":{"footnotes":""},"class_list":["post-870","page","type-page","status-publish","hentry"],"_links":{"self":[{"href":"https:\/\/xn--maisonmre-63a.com\/index.php\/wp-json\/wp\/v2\/pages\/870","targetHints":{"allow":["GET"]}}],"collection":[{"href":"https:\/\/xn--maisonmre-63a.com\/index.php\/wp-json\/wp\/v2\/pages"}],"about":[{"href":"https:\/\/xn--maisonmre-63a.com\/index.php\/wp-json\/wp\/v2\/types\/page"}],"author":[{"embeddable":true,"href":"https:\/\/xn--maisonmre-63a.com\/index.php\/wp-json\/wp\/v2\/users\/1"}],"replies":[{"embeddable":true,"href":"https:\/\/xn--maisonmre-63a.com\/index.php\/wp-json\/wp\/v2\/comments?post=870"}],"version-history":[{"count":99,"href":"https:\/\/xn--maisonmre-63a.com\/index.php\/wp-json\/wp\/v2\/pages\/870\/revisions"}],"predecessor-version":[{"id":1264,"href":"https:\/\/xn--maisonmre-63a.com\/index.php\/wp-json\/wp\/v2\/pages\/870\/revisions\/1264"}],"wp:attachment":[{"href":"https:\/\/xn--maisonmre-63a.com\/index.php\/wp-json\/wp\/v2\/media?parent=870"}],"curies":[{"name":"wp","href":"https:\/\/api.w.org\/{rel}","templated":true}]}}