{"id":732,"date":"2017-06-02T03:55:48","date_gmt":"2017-06-02T03:55:48","guid":{"rendered":"http:\/\/demo.archiwp.com\/index-masonry-black\/?page_id=732"},"modified":"2023-10-03T13:19:06","modified_gmt":"2023-10-03T11:19:06","slug":"a-propos","status":"publish","type":"page","link":"https:\/\/xn--maisonmre-63a.com\/index.php\/a-propos\/","title":{"rendered":"A Propos"},"content":{"rendered":"<div class=\"wpb-content-wrapper\"><p>[vc_row archi_parallax=&#8221;yes&#8221; el_class=&#8221;full-height&#8221; css=&#8221;.vc_custom_1655304849810{background-image: url(https:\/\/xn--maisonmre-63a.com\/wp-content\/uploads\/2022\/06\/bg-nathalie.png?id=1233) !important;}&#8221;][vc_column]\t\n\t<!-- Element: OT Home Profession -->\n\t<div class=\"center-y\">\t\t\n\t\t\t\t    <h2 class=\"style-3\"  >Nathalie<br \/>\nSarton<b>.<\/b><\/h2>\t\t\t\t\t    \n\t    \t    \t\t    <div class=\"teaser-text-2\"  >Du journalisme \u00e0 la <b>d\u00e9coration d'int\u00e9rieur<\/b>.<\/div>\t\n\t\t    <div class=\"spacer-double\"><\/div>\t\t\t\t    \n\t    \t    \t\t\t\n\t<\/div>\n   \n[\/vc_column][\/vc_row][vc_row css=&#8221;.vc_custom_1486529525981{padding-bottom: 90px !important;}&#8221;][vc_column animate=&#8221;fadeinup&#8221; delay=&#8221;0.6&#8243; duration=&#8221;1.2&#8243; offset=&#8221;vc_col-md-offset-3 vc_col-md-6&#8243;][vc_empty_space][vc_empty_space]\n\t<!-- Element: OT Heading --> \t \n\t<h1 class=\"ot_custom_heading  \" style=\"text-align: center;\" >Pr\u00e9sentation<\/h1>\t\n\t<!-- Element: OT Line solid --> \t \n\t<div class=\" separator \"><span><i class=\"fa fa-circle\"><\/i><\/span><\/div>\n\t<div class=\"spacer-single\"><\/div>\t      \n[vc_column_text css=&#8221;.vc_custom_1651233411355{margin-bottom: 20px !important;padding-bottom: 0px !important;}&#8221; el_class=&#8221;text-center&#8221;]<span style=\"font-weight: 400;\">Ancienne journaliste de t\u00e9l\u00e9vision, c\u2019est en r\u00e9alisant des chroniques d\u00e9co que ma passion pour ce m\u00e9tier est n\u00e9e\u00a0!\u00a0\u00a0<\/span><\/p>\n<p><span style=\"font-weight: 400;\">Apr\u00e8s une reconversion dans la d\u00e9coration d\u2019int\u00e9rieur et une sp\u00e9cialisation dans la couleur, j\u2019envisage aujourd\u2019hui chaque projet comme le premier\u00a0!\u00a0<\/span><\/p>\n<p><span style=\"font-weight: 400;\">De mes ann\u00e9es de journaliste, j\u2019ai gard\u00e9 le sens de la cr\u00e9ativit\u00e9, et de mes ann\u00e9es de productrice, me reste la ma\u00eetrise des budgets et du respect du timing.<\/span><\/p>\n<p><span style=\"font-weight: 400;\">J\u2019ai \u00e0 c\u0153ur de vous apporter conseils, s\u00e9r\u00e9nit\u00e9 et efficacit\u00e9 dans ces projets de vie aussi forts que d\u00e9terminants, et je serai votre cr\u00e9atrice de bien- \u00eatre \u00e0 la Maison\u00a0!<\/span>[\/vc_column_text][\/vc_column][\/vc_row][vc_row fullwidth=&#8221;yes&#8221; css=&#8221;.vc_custom_1696331777346{background-color: #faf7e8 !important;}&#8221;][vc_column]\t<!-- Element: OT Quick Office -->\n\t<div class=\"side-bg\">\n\n\t\t<div class=\"image-container hidden-xs pull-left col-md-5\" style=\"background-image:url(https:\/\/xn--maisonmre-63a.com\/wp-content\/uploads\/2023\/10\/unnamed-scaled.jpg); ?>\" data-delay=\"0\"><\/div>\n\n\t\t<!-- Added this code in 26\/03\/2019 -->\n\t\t<img decoding=\"async\" class=\"visible-xs img-responsive\" src=\"https:\/\/xn--maisonmre-63a.com\/wp-content\/uploads\/2023\/10\/unnamed-scaled.jpg\" \/>\n\n        <div class=\"container\">\n            <div class=\"row\">\n                <div class=\"inner-padding\">\n                    <div class=\"col-md-6 col-md-offset-6 wow fadeInRight\" data-wow-delay=\".2s\">\n                        <h2><\/h2><br\/>\n                        <\/p>\n<h1 style=\"text-align: left;\">Notre partenaire<\/h1>\n<h2 style=\"text-align: left;\"><strong>Helene Navarro<\/strong><\/h2>\n<p style=\"text-align: left;\">Directrice de Production pour la t\u00e9l\u00e9vision et le cin\u00e9ma pendant plus de 20 ans, j\u2019ai puis\u00e9 mon amour de la d\u00e9coration sur les plateaux de tournage. Aujourd\u2019hui, j\u2019exerce \u00e9galement ma passion dans le cadre d\u2019\u00e9v\u00e9nements priv\u00e9s et d\u2019entreprise. Comptable de formation, je sais magnifier toute festivit\u00e9, quel que soit votre budget\u00a0: anniversaire, mariage, baby shower, cocktail, soir\u00e9e \u00e0 th\u00e8me\u2026<\/p>\n<p style=\"text-align: left;\">Cr\u00e9atif, ludique ou majestueux, je ferai de de votre projet un rendez-vous unique et m\u00e9morable.<\/p>\n<p>                    <\/div>\n                    <div class=\"clearfix\"><\/div>\n                <\/div>\n            <\/div>\n        <\/div>\n\t<\/div>\n\n[\/vc_column][\/vc_row][vc_row css=&#8221;.vc_custom_1486542466296{padding-top: 90px !important;padding-bottom: 90px !important;}&#8221;][vc_column animate=&#8221;fadeinup&#8221; el_class=&#8221;dark&#8221;]\n\t<!-- Element: OT Heading --> \t \n\t<h1 class=\"ot_custom_heading  \" style=\"text-align: center;\" >Comment \u00e7a marche chez Maison M\u00e8re ?<\/h1>\t\n\t<!-- Element: OT Line solid --> \t \n\t<div class=\" separator \"><span><i class=\"fa fa-circle\"><\/i><\/span><\/div>\n\t<div class=\"spacer-single\"><\/div>\t      \n\n\t<!-- Element: OT Process -->\n    <div class=\"de_tab tab_steps tab_4  \">\n        <ul class=\"de_nav process-circle-textonly\">\n\t        \t            <li class=\"active wow fadeIn \" data-wow-delay=\"0.4s\">\n\t            \t<span class=\"content-mid\">\n\t            \t\t<div class=\"inner\">\t\t\n\t            \t\t\tRDV Conseils\t            \t\t<\/div>\n\t            \t<\/span>\t\t        \n\t\t            <div class=\"v-border\"><\/div>\n\t            <\/li>\n\t            \n\t        \t            <li class=\" wow fadeIn \" data-wow-delay=\"0.8s\">\n\t            \t<span class=\"content-mid\">\n\t            \t\t<div class=\"inner\">\t\t\n\t            \t\t\t\u00c9tude de votre projet\t            \t\t<\/div>\n\t            \t<\/span>\t\t        \n\t\t            <div class=\"v-border\"><\/div>\n\t            <\/li>\n\t            \n\t        \t            <li class=\" wow fadeIn \" data-wow-delay=\"1.2s\">\n\t            \t<span class=\"content-mid\">\n\t            \t\t<div class=\"inner\">\t\t\n\t            \t\t\tSuivi de projet\t            \t\t<\/div>\n\t            \t<\/span>\t\t        \n\t\t            <div class=\"v-border\"><\/div>\n\t            <\/li>\n\t            \n\t        \t            <li class=\" wow fadeIn \" data-wow-delay=\"1.6s\">\n\t            \t<span class=\"content-mid\">\n\t            \t\t<div class=\"inner\">\t\t\n\t            \t\t\tD\u00e9coration Finale\t            \t\t<\/div>\n\t            \t<\/span>\t\t        \n\t\t            <div class=\"v-border\"><\/div>\n\t            <\/li>\n\t            \n\t                <\/ul>\n\n        <div class=\"de_tab_content\">\n\t        \t            <div id=\"tab-580\" class=\"de_tab_content_inner\">\n\t                <p><span style=\"font-weight: 400;\">Lors du premier rendez-vous, nous faisons un \u00e9tat des lieux de votre espace de vie, de vos envies en mati\u00e8re d\u2019ambiance et d\u2019ameublement.<\/span><\/p>\n<p><span style=\"font-weight: 400;\">Je vous fais mon diagnostique quant au potentiel de votre bien et nous voyons comment optimiser au mieux vos espaces.<\/span><\/p>\n<ul>\n<li style=\"font-weight: 400;\" aria-level=\"1\"><span style=\"font-weight: 400;\">\u00c0 l\u2019issue de ce 1<\/span><span style=\"font-weight: 400;\">er<\/span><span style=\"font-weight: 400;\">\u00a0RDV, vous recevez un devis de l\u2019\u00e9tude de votre projet de d\u00e9coration d\u2019int\u00e9rieur.<\/span><\/li>\n<li style=\"font-weight: 400;\" aria-level=\"1\"><span style=\"font-weight: 400;\">Plusieurs \u00e9changes peuvent \u00eatre n\u00e9cessaires \u00e0 votre prise de d\u00e9cision, et vous \u00eates libre de d\u00e9cider de poursuivre avec une\u00a0<\/span><b>\u00e9tude de d\u00e9coration d\u2019int\u00e9rieur de votre bien<\/b><span style=\"font-weight: 400;\">\u00a0(2<\/span><span style=\"font-weight: 400;\">e<\/span><span style=\"font-weight: 400;\">\u00a0\u00e9tape) dans le cadre d\u2019un contrat de missions (honoraires et \u00e9tapes du projet) qui vous sera adress\u00e9.<\/span><\/li>\n<\/ul>\n\t            <\/div>\n\t        \t            <div id=\"tab-579\" class=\"de_tab_content_inner\">\n\t                <ul>\n<li style=\"font-weight: 400;\" aria-level=\"1\"><span style=\"font-weight: 400;\">Le projet de d\u00e9coration d\u2019int\u00e9rieur d\u00e9finit le style de votre nouvel int\u00e9rieur, en vous proposant des &#8220;planches tendance&#8221;.<\/span><\/li>\n<li style=\"font-weight: 400;\" aria-level=\"1\"><span style=\"font-weight: 400;\">Vous recevrez \u00e9galement des\u00a0visuels personnalis\u00e9s\u00a0(plan d\u2019implantation, dessins ou croquis ou vues 3D), mise en teinte et propositions de mat\u00e9riaux.<\/span><\/li>\n<li style=\"font-weight: 400;\" aria-level=\"1\"><span style=\"font-weight: 400;\">Je vous\u00a0accompagne dans la recherche de votre nouveau mobilier (chaises, tables, fauteuils, canap\u00e9s, armoires, \u00e9tag\u00e8res \u2026), des accessoires de d\u00e9coration (rideaux, miroirs, tapis, luminaires &#8230;) ou de\u00a0rev\u00eatements\u00a0(parquet, carrelage, papier peint, peinture).<\/span><\/li>\n<li style=\"font-weight: 400;\" aria-level=\"1\">\u00c0 l\u2019issue de cette \u00e9tude, je vous transmets une estimation du co\u00fbt des travaux (estimation donn\u00e9e \u00e0 titre indicatif).<\/li>\n<\/ul>\n<p><span style=\"font-weight: 400;\">\u00c0 ce stade, vous avez le choix de me missionner pour la suite de la mission de d\u00e9coration de votre int\u00e9rieur (3eme \u00e9tape). Je peux alors assurer le suivi de votre projet et superviser les artisans choisis.<\/span><\/p>\n\t            <\/div>\n\t        \t            <div id=\"tab-578\" class=\"de_tab_content_inner\">\n\t                <ul>\n<li><span style=\"font-weight: 400;\">Je vous aide \u00e0 s\u00e9lectionner les<\/span> <span style=\"font-weight: 400;\">artisans qualifi\u00e9s et assur\u00e9s. Je vous propose des professionnels qualifi\u00e9s mais vous pouvez aussi les choisir seul si vous le souhaitez.<\/span><\/li>\n<li><span style=\"font-weight: 400;\">Je contr\u00f4le la bonne ex\u00e9cution des travaux, l\u2019avancement des artisans, et je veille au\u00a0respect des d\u00e9lais.<\/span><\/li>\n<li><span style=\"font-weight: 400;\">J\u2019organise r\u00e9guli\u00e8rement des r\u00e9unions pour vous informer du bon d\u00e9roulement de votre projet.<\/span><\/li>\n<li><span style=\"font-weight: 400;\">Nous finalisons ensemble la d\u00e9coration de votre int\u00e9rieur et nous d\u00e9finissons les choix de mobilier, accessoires de d\u00e9coration comme les tapis, les rideaux, les luminaires.<\/span><\/li>\n<\/ul>\n<p><span style=\"font-weight: 400;\">Une fois les travaux d\u2019am\u00e9nagement termin\u00e9s et les meubles re\u00e7us, je peux r\u00e9aliser la\u00a0mise en place de l\u2019am\u00e9nagement final.<\/span><\/p>\n<p>&nbsp;<\/p>\n\t            <\/div>\n\t        \t            <div id=\"tab-577\" class=\"de_tab_content_inner\">\n\t                <p>Si vous le souhaitez, \u00a0j\u2019apporte la touche finale \u00e0 votre d\u00e9coration : placement du mobilier, textiles, tapis, luminaires et mise en place finale de la d\u00e9coration pour vous faire la plus belle des surprises !<\/p>\n\t            <\/div>\n\t                <\/div>\n    <\/div>\n\n[\/vc_column][\/vc_row][vc_row fullwidth=&#8221;yes&#8221; css=&#8221;.vc_custom_1696331042647{padding-top: 25px !important;}&#8221;][vc_column]  \n\n\t<!-- Element: OT Portfolio Carousel Style -->\n    <div class=\"owl-slide projects-load-ajax gallery-carousel portfolio__carousel overlay_s1\" data-visible=\"3\" data-autoplay=\"true\">\n    \t  \t        \n\t\t\t<div class=\"item\">\n\t\t\t\t<div class=\"projects-box\">\n\t\t\t\t\t<div class=\"projects-thumbnail\">\n\t\t\t\t\t\t<img loading=\"lazy\" decoding=\"async\" width=\"750\" height=\"499\" src=\"https:\/\/xn--maisonmre-63a.com\/wp-content\/uploads\/2023\/10\/Cover_Cocon-750x499.jpg\" class=\"attachment-thumb-portfolio size-thumb-portfolio wp-post-image\" alt=\"\" srcset=\"https:\/\/xn--maisonmre-63a.com\/wp-content\/uploads\/2023\/10\/Cover_Cocon-750x499.jpg 750w, https:\/\/xn--maisonmre-63a.com\/wp-content\/uploads\/2023\/10\/Cover_Cocon-300x200.jpg 300w\" sizes=\"auto, (max-width: 750px) 100vw, 750px\" title=\"Cover_Cocon\" \/>\t\t\t\t\t<\/div>\t\t\t\t\t\t\t\n\t\t\t\t\t<a class=\"simple-ajax-popup-align-top\" href=\"https:\/\/xn--maisonmre-63a.com\/index.php\/portfolio\/le-cocon-enghien-les-bains\/\">\n\t\t\t\t\t\t<span class=\"project-overlay\">\n\t\t\t\t\t\t\t<span class=\"project-name id-color\">Le Cocon, Enghien-Les-Bains<\/span>\t\n\t\t\t\t\t\t<\/span>\n\t\t\t\t\t<\/a>\t\n\t\t\t\t<\/div>\n\t\t\t<\/div>\t        \n          \t        \n\t\t\t<div class=\"item\">\n\t\t\t\t<div class=\"projects-box\">\n\t\t\t\t\t<div class=\"projects-thumbnail\">\n\t\t\t\t\t\t<img loading=\"lazy\" decoding=\"async\" width=\"750\" height=\"499\" src=\"https:\/\/xn--maisonmre-63a.com\/wp-content\/uploads\/2023\/10\/Cover_Repere-750x499.jpg\" class=\"attachment-thumb-portfolio size-thumb-portfolio wp-post-image\" alt=\"\" srcset=\"https:\/\/xn--maisonmre-63a.com\/wp-content\/uploads\/2023\/10\/Cover_Repere-750x499.jpg 750w, https:\/\/xn--maisonmre-63a.com\/wp-content\/uploads\/2023\/10\/Cover_Repere-300x200.jpg 300w\" sizes=\"auto, (max-width: 750px) 100vw, 750px\" title=\"Cover_Repere\" \/>\t\t\t\t\t<\/div>\t\t\t\t\t\t\t\n\t\t\t\t\t<a class=\"simple-ajax-popup-align-top\" href=\"https:\/\/xn--maisonmre-63a.com\/index.php\/portfolio\/le-repere-mandelieu-la-napoule\/\">\n\t\t\t\t\t\t<span class=\"project-overlay\">\n\t\t\t\t\t\t\t<span class=\"project-name id-color\">Le Rep\u00e8re, Mandelieu-La-Napoule<\/span>\t\n\t\t\t\t\t\t<\/span>\n\t\t\t\t\t<\/a>\t\n\t\t\t\t<\/div>\n\t\t\t<\/div>\t        \n          \t        \n\t\t\t<div class=\"item\">\n\t\t\t\t<div class=\"projects-box\">\n\t\t\t\t\t<div class=\"projects-thumbnail\">\n\t\t\t\t\t\t<img loading=\"lazy\" decoding=\"async\" width=\"750\" height=\"499\" src=\"https:\/\/xn--maisonmre-63a.com\/wp-content\/uploads\/2023\/10\/Malaga-48-750x499.jpg\" class=\"attachment-thumb-portfolio size-thumb-portfolio wp-post-image\" alt=\"\" srcset=\"https:\/\/xn--maisonmre-63a.com\/wp-content\/uploads\/2023\/10\/Malaga-48-750x499.jpg 750w, https:\/\/xn--maisonmre-63a.com\/wp-content\/uploads\/2023\/10\/Malaga-48-300x201.jpg 300w\" sizes=\"auto, (max-width: 750px) 100vw, 750px\" title=\"Malaga-48\" \/>\t\t\t\t\t<\/div>\t\t\t\t\t\t\t\n\t\t\t\t\t<a class=\"simple-ajax-popup-align-top\" href=\"https:\/\/xn--maisonmre-63a.com\/index.php\/portfolio\/envoutante_malaga\/\">\n\t\t\t\t\t\t<span class=\"project-overlay\">\n\t\t\t\t\t\t\t<span class=\"project-name id-color\">L\u2019Envo\u00fbtante, M\u00e0laga<\/span>\t\n\t\t\t\t\t\t<\/span>\n\t\t\t\t\t<\/a>\t\n\t\t\t\t<\/div>\n\t\t\t<\/div>\t        \n            <\/div>\n\n[\/vc_column][\/vc_row]<\/p>\n<\/div>","protected":false},"excerpt":{"rendered":"<p>[vc_row archi_parallax=&#8221;yes&#8221; el_class=&#8221;full-height&#8221; css=&#8221;.vc_custom_1655304849810{background-image: url(https:\/\/xn--maisonmre-63a.com\/wp-content\/uploads\/2022\/06\/bg-nathalie.png?id=1233) !important;}&#8221;][vc_column][\/vc_column][\/vc_row][vc_row css=&#8221;.vc_custom_1486529525981{padding-bottom: 90px !important;}&#8221;][vc_column animate=&#8221;fadeinup&#8221; delay=&#8221;0.6&#8243; duration=&#8221;1.2&#8243; offset=&#8221;vc_col-md-offset-3 vc_col-md-6&#8243;][vc_empty_space][vc_empty_space][vc_column_text css=&#8221;.vc_custom_1651233411355{margin-bottom: 20px !important;padding-bottom: 0px !important;}&#8221; el_class=&#8221;text-center&#8221;]Ancienne journaliste de t\u00e9l\u00e9vision, c\u2019est en r\u00e9alisant des chroniques d\u00e9co que ma passion pour ce m\u00e9tier est n\u00e9e\u00a0!\u00a0\u00a0 Apr\u00e8s une reconversion dans la d\u00e9coration d\u2019int\u00e9rieur et une sp\u00e9cialisation dans la couleur, j\u2019envisage aujourd\u2019hui chaque projet comme [&hellip;]<\/p>\n","protected":false},"author":1,"featured_media":0,"parent":0,"menu_order":0,"comment_status":"closed","ping_status":"closed","template":"page-templates\/template-canvas.php","meta":{"footnotes":""},"class_list":["post-732","page","type-page","status-publish","hentry"],"_links":{"self":[{"href":"https:\/\/xn--maisonmre-63a.com\/index.php\/wp-json\/wp\/v2\/pages\/732","targetHints":{"allow":["GET"]}}],"collection":[{"href":"https:\/\/xn--maisonmre-63a.com\/index.php\/wp-json\/wp\/v2\/pages"}],"about":[{"href":"https:\/\/xn--maisonmre-63a.com\/index.php\/wp-json\/wp\/v2\/types\/page"}],"author":[{"embeddable":true,"href":"https:\/\/xn--maisonmre-63a.com\/index.php\/wp-json\/wp\/v2\/users\/1"}],"replies":[{"embeddable":true,"href":"https:\/\/xn--maisonmre-63a.com\/index.php\/wp-json\/wp\/v2\/comments?post=732"}],"version-history":[{"count":40,"href":"https:\/\/xn--maisonmre-63a.com\/index.php\/wp-json\/wp\/v2\/pages\/732\/revisions"}],"predecessor-version":[{"id":1364,"href":"https:\/\/xn--maisonmre-63a.com\/index.php\/wp-json\/wp\/v2\/pages\/732\/revisions\/1364"}],"wp:attachment":[{"href":"https:\/\/xn--maisonmre-63a.com\/index.php\/wp-json\/wp\/v2\/media?parent=732"}],"curies":[{"name":"wp","href":"https:\/\/api.w.org\/{rel}","templated":true}]}}